{"id":29,"date":"2020-07-03T09:06:48","date_gmt":"2020-07-03T09:06:48","guid":{"rendered":"http:\/\/knih-havirov.cz\/?page_id=29"},"modified":"2022-06-14T08:48:40","modified_gmt":"2022-06-14T07:48:40","slug":"mestska-knihovna-havirov","status":"publish","type":"page","link":"https:\/\/www.knih-havirov.cz\/","title":{"rendered":"M\u011bstsk\u00e1 knihovna Hav\u00ed\u0159ov"},"content":{"rendered":"\n<p>P\u0159ipravili jsme pro V\u00e1s nov\u00e9 webov\u00e9 str\u00e1nky na adrese <a href=\"https:\/\/knihovnahavirov.cz\" data-type=\"URL\" data-id=\"https:\/\/knihovnahavirov.cz\">knihovnahavirov.cz<\/a><\/p>\n","protected":false},"excerpt":{"rendered":"<p>P\u0159ipravili jsme pro V\u00e1s nov\u00e9 webov\u00e9 str\u00e1nky na adrese knihovnahavirov.cz<\/p>\n","protected":false},"author":1,"featured_media":0,"parent":0,"menu_order":0,"comment_status":"closed","ping_status":"closed","template":"","meta":{"footnotes":""},"class_list":["post-29","page","type-page","status-publish","hentry","entry"],"_links":{"self":[{"href":"https:\/\/www.knih-havirov.cz\/index.php?rest_route=\/wp\/v2\/pages\/29","targetHints":{"allow":["GET"]}}],"collection":[{"href":"https:\/\/www.knih-havirov.cz\/index.php?rest_route=\/wp\/v2\/pages"}],"about":[{"href":"https:\/\/www.knih-havirov.cz\/index.php?rest_route=\/wp\/v2\/types\/page"}],"author":[{"embeddable":true,"href":"https:\/\/www.knih-havirov.cz\/index.php?rest_route=\/wp\/v2\/users\/1"}],"replies":[{"embeddable":true,"href":"https:\/\/www.knih-havirov.cz\/index.php?rest_route=%2Fwp%2Fv2%2Fcomments&post=29"}],"version-history":[{"count":4,"href":"https:\/\/www.knih-havirov.cz\/index.php?rest_route=\/wp\/v2\/pages\/29\/revisions"}],"predecessor-version":[{"id":35,"href":"https:\/\/www.knih-havirov.cz\/index.php?rest_route=\/wp\/v2\/pages\/29\/revisions\/35"}],"wp:attachment":[{"href":"https:\/\/www.knih-havirov.cz\/index.php?rest_route=%2Fwp%2Fv2%2Fmedia&parent=29"}],"curies":[{"name":"wp","href":"https:\/\/api.w.org\/{rel}","templated":true}]}}